{"id":78,"date":"2022-05-13T22:18:28","date_gmt":"2022-05-13T20:18:28","guid":{"rendered":"https:\/\/www.soholtparken.dk\/?page_id=78"},"modified":"2024-03-22T17:28:06","modified_gmt":"2024-03-22T16:28:06","slug":"kontingent","status":"publish","type":"page","link":"https:\/\/www.soholtparken.dk\/index.php\/kontingent\/","title":{"rendered":"Kontingent"},"content":{"rendered":"\n<figure class=\"wp-block-image size-large\"><img loading=\"lazy\" decoding=\"async\" width=\"1024\" height=\"614\" src=\"https:\/\/www.soholtparken.dk\/wp-content\/uploads\/2022\/05\/Kontingent-1024x614.jpg\" alt=\"\" class=\"wp-image-79\" srcset=\"https:\/\/www.soholtparken.dk\/wp-content\/uploads\/2022\/05\/Kontingent-1024x614.jpg 1024w, https:\/\/www.soholtparken.dk\/wp-content\/uploads\/2022\/05\/Kontingent-300x180.jpg 300w, https:\/\/www.soholtparken.dk\/wp-content\/uploads\/2022\/05\/Kontingent-768x461.jpg 768w, https:\/\/www.soholtparken.dk\/wp-content\/uploads\/2022\/05\/Kontingent-1536x922.jpg 1536w, https:\/\/www.soholtparken.dk\/wp-content\/uploads\/2022\/05\/Kontingent-1200x720.jpg 1200w, https:\/\/www.soholtparken.dk\/wp-content\/uploads\/2022\/05\/Kontingent.jpg 1920w\" sizes=\"auto, (max-width: 709px) 85vw, (max-width: 909px) 67vw, (max-width: 1362px) 62vw, 840px\" \/><\/figure>\n\n\n\n<p><\/p>\n\n\n\n<p><strong>Kontingent til grundejerforeningen<\/strong><\/p>\n\n\n\n<p>Kontingentet vedtages hvert \u00e5r p\u00e5 generalforsamlingen, som finder sted i marts m\u00e5ned.<\/p>\n\n\n\n<p>Det vedtagne kontingent fremg\u00e5r af referatet fra \u00e5rets generalforsamling, som findes under hovedmenuen &#8220;Generalforsamling&#8221;.<\/p>\n\n\n\n<p><\/p>\n","protected":false},"excerpt":{"rendered":"<p>Kontingent til grundejerforeningen Kontingentet vedtages hvert \u00e5r p\u00e5 generalforsamlingen, som finder sted i marts m\u00e5ned. Det vedtagne kontingent fremg\u00e5r af referatet fra \u00e5rets generalforsamling, som findes under hovedmenuen &#8220;Generalforsamling&#8221;.<\/p>\n","protected":false},"author":2,"featured_media":0,"parent":0,"menu_order":0,"comment_status":"closed","ping_status":"closed","template":"","meta":{"_monsterinsights_skip_tracking":false,"_monsterinsights_sitenote_active":false,"_monsterinsights_sitenote_note":"","_monsterinsights_sitenote_category":0,"footnotes":""},"class_list":["post-78","page","type-page","status-publish","hentry"],"aioseo_notices":[],"_links":{"self":[{"href":"https:\/\/www.soholtparken.dk\/index.php\/wp-json\/wp\/v2\/pages\/78","targetHints":{"allow":["GET"]}}],"collection":[{"href":"https:\/\/www.soholtparken.dk\/index.php\/wp-json\/wp\/v2\/pages"}],"about":[{"href":"https:\/\/www.soholtparken.dk\/index.php\/wp-json\/wp\/v2\/types\/page"}],"author":[{"embeddable":true,"href":"https:\/\/www.soholtparken.dk\/index.php\/wp-json\/wp\/v2\/users\/2"}],"replies":[{"embeddable":true,"href":"https:\/\/www.soholtparken.dk\/index.php\/wp-json\/wp\/v2\/comments?post=78"}],"version-history":[{"count":2,"href":"https:\/\/www.soholtparken.dk\/index.php\/wp-json\/wp\/v2\/pages\/78\/revisions"}],"predecessor-version":[{"id":732,"href":"https:\/\/www.soholtparken.dk\/index.php\/wp-json\/wp\/v2\/pages\/78\/revisions\/732"}],"wp:attachment":[{"href":"https:\/\/www.soholtparken.dk\/index.php\/wp-json\/wp\/v2\/media?parent=78"}],"curies":[{"name":"wp","href":"https:\/\/api.w.org\/{rel}","templated":true}]}}