{"id":55,"date":"2022-05-13T21:36:58","date_gmt":"2022-05-13T19:36:58","guid":{"rendered":"https:\/\/www.soholtparken.dk\/?page_id=55"},"modified":"2026-03-19T14:53:45","modified_gmt":"2026-03-19T13:53:45","slug":"nyttige-oplysninger","status":"publish","type":"page","link":"https:\/\/www.soholtparken.dk\/index.php\/nyttige-oplysninger\/","title":{"rendered":"Nyttige oplysninger"},"content":{"rendered":"\n<figure class=\"wp-block-image size-large\"><img loading=\"lazy\" decoding=\"async\" width=\"1024\" height=\"682\" src=\"https:\/\/www.soholtparken.dk\/wp-content\/uploads\/2022\/05\/Nyttige-oplysninger-1024x682.jpg\" alt=\"\" class=\"wp-image-56\" srcset=\"https:\/\/www.soholtparken.dk\/wp-content\/uploads\/2022\/05\/Nyttige-oplysninger-1024x682.jpg 1024w, https:\/\/www.soholtparken.dk\/wp-content\/uploads\/2022\/05\/Nyttige-oplysninger-300x200.jpg 300w, https:\/\/www.soholtparken.dk\/wp-content\/uploads\/2022\/05\/Nyttige-oplysninger-768x512.jpg 768w, https:\/\/www.soholtparken.dk\/wp-content\/uploads\/2022\/05\/Nyttige-oplysninger-1200x800.jpg 1200w, https:\/\/www.soholtparken.dk\/wp-content\/uploads\/2022\/05\/Nyttige-oplysninger.jpg 1280w\" sizes=\"auto, (max-width: 709px) 85vw, (max-width: 909px) 67vw, (max-width: 1362px) 62vw, 840px\" \/><\/figure>\n\n\n\n<p><\/p>\n\n\n\n<p><strong>Rottesikring<\/strong><\/p>\n\n\n\n<p>Bestyrelsen har efter bestyrelsesm\u00f8det den 18. maj og en uddybende kontakt med kommunen f\u00e5et disse&nbsp;<strong>r\u00e5d og vejledninger<\/strong>&nbsp;vedr. rottebek\u00e6mpelse. Bestyrelsen har besluttet at lade det v\u00e6re op til hvert enkelt husstand, at foretage det videre forl\u00f8b.<\/p>\n\n\n\n<p><strong>Gode r\u00e5d og vejledninger til at undg\u00e5 rotter indend\u00f8rs<\/strong><\/p>\n\n\n\n<p>Hvis man ikke har lyst til at k\u00f8be en autoriseret l\u00f8sning hos VVS\u2019eren, er det muligt at lave sit eget rottesp\u00e6r i faldstammeudluftningen. En halvt\u00e6t kugle af volierenet nede i r\u00f8ret kan g\u00f8re det besv\u00e6rligt for rotterne at komme ud.<\/p>\n\n\n\n<p>En lidt sikrere l\u00f8sning er at s\u00e6tte en h\u00e6tte af volierenet over udmundingen af faldstammeudluftningen og f\u00e6stne den med et sp\u00e6ndb\u00e5nd. Hvis udluftningsr\u00f8ret er sk\u00e5ret af lige ved loftsgulvet eller tagets overflade, kan man skrue en metalrist fast over mundingen. Husk et en spr\u00e6kke p\u00e5 to centimeter er en \u00e5ben d\u00f8r for selv voksne rotter!<\/p>\n\n\n\n<p><strong>Andre gode r\u00e5d og vejledninger:<\/strong><\/p>\n\n\n\n<ul class=\"wp-block-list\">\n<li>Tjek dine kloakker for at se, om de virker sunde og intakte. Er du i tvivl, kan du overveje at f\u00e5 foretaget en inspektion.<\/li>\n\n\n\n<li>Skru metalriste i gulvafl\u00f8b fast.<\/li>\n\n\n\n<li>Undg\u00e5 affaldsbunker i g\u00e5rde, k\u00e6ldre og p\u00e5 lofter.<\/li>\n\n\n\n<li>S\u00f8rg for, at d\u00f8re og vinduer slutter helt t\u00e6t til karmen.<\/li>\n\n\n\n<li>Besk\u00e6r beplantning, som rotterne kan klatre op ad muren via, og f\u00e5 rottesikret nedl\u00f8bsr\u00f8rene.<\/li>\n<\/ul>\n\n\n\n<p>For yderligere sp\u00f8rgsm\u00e5l vedr. rottesikring kontakt&nbsp;<strong>Morten Heeg\u00e5rd<\/strong>, Milj\u00f8- og Affaldsmedarbejder, Br\u00f8ndby Kommune.&nbsp;<\/p>\n\n\n\n<p>25052021<\/p>\n\n\n\n<hr class=\"wp-block-separator has-css-opacity\"\/>\n\n\n\n<hr class=\"wp-block-separator has-css-opacity is-style-wide\"\/>\n\n\n\n<hr class=\"wp-block-separator has-css-opacity\"\/>\n\n\n\n<p><strong><br>Opfordring til at rottesikre<\/strong><\/p>\n\n\n\n<p>Vores formand har modtaget f\u00f8lgende mail:<\/p>\n\n\n\n<p><em>K\u00e6re Irene Vinding<\/em><\/p>\n\n\n\n<p><em>Jeg kontakter dig i din egenskab af forkvinde for Grundejerforeningen S\u00f8holtparken.<\/em><\/p>\n\n\n\n<p><em>\u00c5rsagen er, at den kommunale rottebek\u00e6mper p\u00e5 det seneste har haft&nbsp;<strong>en stribe anmeldelser af rotter indend\u00f8rs<\/strong>&nbsp;i jeres omr\u00e5de.<\/em><\/p>\n\n\n\n<p><em>Rotterne f\u00e5r adgang til ejendommene gennem faldstammeudluftningerne, som ender inde p\u00e5 loftet eller oppe p\u00e5 taget. N\u00e5r der ikke er en rist eller en anden form for rottesikring p\u00e5 udluftningskanalen, s\u00e5 er det en \u00e5ben vej for rotterne direkte fra kloakken og ind i bygningen!<\/em><\/p>\n\n\n\n<p><em>Jeg vil derfor bede dig om at sende en opfordring til at alle grundejerforeningens medlemmer om at f\u00e5 rottesikret deres udluftningskanaler. Det er god id\u00e9 at installere en rottesp\u00e6rrer i kloakken, men man b\u00f8r ogs\u00e5 etablere et rottenet p\u00e5 faldstammeudluftningen, hvis den ikke er forsynet med vakuumventil.<\/em><\/p>\n\n\n\n<p><em>Hvis du har sp\u00f8rgsm\u00e5l eller kommentarer, s\u00e5 er du velkommen til at kontakte mig.<\/em><\/p>\n\n\n\n<p><em>Med venlig hilsen<\/em><\/p>\n\n\n\n<p><em>Morten Heegaard<\/em><br><em>Milj\u00f8- og Affaldsmedarbejder<\/em><\/p>\n\n\n\n<p>Bestyrelsen vil diskutere problemet ved det kommende&nbsp;<strong>betyrelsesm\u00f8de den 18. maj<\/strong>&nbsp;2021 og vil eventuel indhente f\u00e6llestilbud til interesserede grundejere fra et firma, der rottesikrer udluftningskanaler.&nbsp;<\/p>\n\n\n\n<p>27042021<\/p>\n\n\n\n<hr class=\"wp-block-separator has-css-opacity\"\/>\n\n\n\n<hr class=\"wp-block-separator has-css-opacity is-style-wide\"\/>\n\n\n\n<hr class=\"wp-block-separator has-css-opacity is-style-wide\"\/>\n\n\n\n<hr class=\"wp-block-separator has-css-opacity\"\/>\n\n\n\n<h2 class=\"wp-block-heading\">Mangler der lys i gadelygten?<\/h2>\n\n\n\n<p>Giv besked om manglende belysning til ELTEL p\u00e5 mail:&nbsp;<a href=\"mailto:belysning@eltelnetworks.com\">belysning@eltelnetworks.com<\/a>&nbsp;. S\u00e5 s\u00f8rger de for, at der hurtigt er lys igen. Det kan b\u00e5de v\u00e6re en enkelt lampe, manglende lys p\u00e5 en hel vej eller i et trafikeret kryds.<\/p>\n\n\n\n<p>Du kan ringe til os i de almindelige dagtimer p\u00e5 hverdage p\u00e5 tlf.: 43 28 24 90.&nbsp;<\/p>\n\n\n\n<p>Hvis der er akut brug for hj\u00e6lp i kritiske situationer uden for almindelige dagstimer, kan du ringe til os alle dage p\u00e5 tlf. 43 28 24 60.<\/p>\n\n\n\n<p>Ved direkte fare for st\u00f8d ved ber\u00f8ring og p\u00e5k\u00f8rt udstyr, der udg\u00f8r fare for f\u00e6rdslen, kan du ringe p\u00e5 tlf.: 88 13 53 00.<\/p>\n\n\n\n<p>Mangler der lys i en enkelt lampe, s\u00e5 skiftes p\u00e6ren ved n\u00e6ste eftersyn.<\/p>\n\n\n\n<h3 class=\"wp-block-heading\">T\u00e6nding af vejbelysning<\/h3>\n\n\n\n<p>Vejbelysningen styres af fotoceller, som t\u00e6nder n\u00e5r det begynder at blive m\u00f8rkt og slukker, n\u00e5r det bliver lyst. Vi efterser normalt vejbelysningen om dagen. Vejbelysningen kan derfor v\u00e6re t\u00e6ndt om dagen i de perioder, hvor der foretages eftersyn.<\/p>\n\n\n\n<h3 class=\"wp-block-heading\">Modernisering af vejbelysning<\/h3>\n\n\n\n<p>P\u00e5 offentlige veje st\u00e5r kommunen for moderniseringen. P\u00e5 private f\u00e6llesveje er det grundejerne, som skal afholde omkostningerne til modernisering. Projektet skal godkendes af kommunen.<\/p>\n\n\n\n<p>19032026<\/p>\n\n\n\n<hr class=\"wp-block-separator has-css-opacity\"\/>\n\n\n\n<hr class=\"wp-block-separator has-css-opacity is-style-wide\"\/>\n\n\n\n<hr class=\"wp-block-separator has-css-opacity\"\/>\n\n\n\n<p>&nbsp;<br><strong>Problemer med toilettet<\/strong><\/p>\n\n\n\n<p>F\u00e5r du problemer med at dit toilet\/toiletterne ikke tr\u00e6kker vandet ordentlig ud, er det vigtigt, at du kontakter HOFOR med det samme, hvis du mener, det er p\u00e5 den offentlige del af stikledningen, er det&nbsp;<strong>KUN HOFOR<\/strong>, der m\u00e5 s\u00e6tte reparationsarbejder i gang.&nbsp;<\/p>\n\n\n\n<p><strong>Vagtcentralen \/ Spildevand har telefon 3395 3500<\/strong>\u00a0\u00a0<\/p>\n\n\n\n<p>11052020<\/p>\n\n\n\n<hr class=\"wp-block-separator has-css-opacity\"\/>\n\n\n\n<hr class=\"wp-block-separator has-css-opacity is-style-wide\"\/>\n\n\n\n<hr class=\"wp-block-separator has-css-opacity\"\/>\n\n\n\n<p><strong><br>Storskrald<\/strong><\/p>\n\n\n\n<p><strong>Storskrald m\u00e5 f\u00f8rst stilles ud dagen f\u00f8r<\/strong>&nbsp;Br\u00f8ndby Kommune afhenter det. Vi har konstateret at enkelte \u2013 nogle gange \u2013 har v\u00e6ret hurtigere ude.<\/p>\n\n\n\n<p>Vi anbefaler derfor, at alle har downloadet affaldsportalen. Her kan I bl.a. tilmelde jer SMS-beskeden, s\u00e5 der kommer en sms besked, dagen f\u00f8r de forskellige gr\u00f8nne beholdere bliver afhentet til t\u00f8mning.<\/p>\n\n\n\n<p>Tilmeld jer SMS-besked ved at g\u00e5 ind p\u00e5 Br\u00f8ndby kommunes hjemmeside, aktiver&nbsp;<strong><a target=\"_blank\" href=\"https:\/\/www.brondby.dk\/Borger\/AffaldOgGenbrug.aspx\" rel=\"noreferrer noopener\">Affald og genbrug<\/a><\/strong>,&nbsp;og klik p\u00e5&nbsp;<strong>tilmeld dig vores sms service<\/strong>, udfyld derefter kontakt oplysninger \u2013 let og nemt.<\/p>\n\n\n\n<p>Affaldsportalen kan ogs\u00e5 hentes i App Store.<\/p>\n\n\n\n<p>31082019<\/p>\n\n\n\n<hr class=\"wp-block-separator has-css-opacity is-style-wide\"\/>\n\n\n\n<hr class=\"wp-block-separator has-css-opacity is-style-wide\"\/>\n","protected":false},"excerpt":{"rendered":"<p>Rottesikring Bestyrelsen har efter bestyrelsesm\u00f8det den 18. maj og en uddybende kontakt med kommunen f\u00e5et disse&nbsp;r\u00e5d og vejledninger&nbsp;vedr. rottebek\u00e6mpelse. Bestyrelsen har besluttet at lade det v\u00e6re op til hvert enkelt husstand, at foretage det videre forl\u00f8b. Gode r\u00e5d og vejledninger til at undg\u00e5 rotter indend\u00f8rs Hvis man ikke har lyst til at k\u00f8be en autoriseret &hellip; <a href=\"https:\/\/www.soholtparken.dk\/index.php\/nyttige-oplysninger\/\" class=\"more-link\">L\u00e6s videre<span class=\"screen-reader-text\"> &#8220;Nyttige oplysninger&#8221;<\/span><\/a><\/p>\n","protected":false},"author":2,"featured_media":0,"parent":0,"menu_order":0,"comment_status":"closed","ping_status":"closed","template":"","meta":{"_monsterinsights_skip_tracking":false,"_monsterinsights_sitenote_active":false,"_monsterinsights_sitenote_note":"","_monsterinsights_sitenote_category":0,"footnotes":""},"class_list":["post-55","page","type-page","status-publish","hentry"],"aioseo_notices":[],"_links":{"self":[{"href":"https:\/\/www.soholtparken.dk\/index.php\/wp-json\/wp\/v2\/pages\/55","targetHints":{"allow":["GET"]}}],"collection":[{"href":"https:\/\/www.soholtparken.dk\/index.php\/wp-json\/wp\/v2\/pages"}],"about":[{"href":"https:\/\/www.soholtparken.dk\/index.php\/wp-json\/wp\/v2\/types\/page"}],"author":[{"embeddable":true,"href":"https:\/\/www.soholtparken.dk\/index.php\/wp-json\/wp\/v2\/users\/2"}],"replies":[{"embeddable":true,"href":"https:\/\/www.soholtparken.dk\/index.php\/wp-json\/wp\/v2\/comments?post=55"}],"version-history":[{"count":3,"href":"https:\/\/www.soholtparken.dk\/index.php\/wp-json\/wp\/v2\/pages\/55\/revisions"}],"predecessor-version":[{"id":977,"href":"https:\/\/www.soholtparken.dk\/index.php\/wp-json\/wp\/v2\/pages\/55\/revisions\/977"}],"wp:attachment":[{"href":"https:\/\/www.soholtparken.dk\/index.php\/wp-json\/wp\/v2\/media?parent=55"}],"curies":[{"name":"wp","href":"https:\/\/api.w.org\/{rel}","templated":true}]}}