{"id":39,"date":"2022-05-13T21:21:50","date_gmt":"2022-05-13T19:21:50","guid":{"rendered":"https:\/\/www.soholtparken.dk\/?page_id=39"},"modified":"2022-05-31T20:38:37","modified_gmt":"2022-05-31T18:38:37","slug":"referat-2022","status":"publish","type":"page","link":"https:\/\/www.soholtparken.dk\/index.php\/referat-2022\/","title":{"rendered":"Referat 2022"},"content":{"rendered":"\n<h1 class=\"wp-block-heading\">Referat fra grundejerforningen S\u00f8holtparkens generalforsamling den 20. marts 2022<\/h1>\n\n\n\n<p>Da formanden havde meldt forfald, b\u00f8d n\u00e6stformanden velkommen til de mange fremm\u00f8dte.<\/p>\n\n\n\n<h1 class=\"wp-block-heading\">1. Valg af dirigent<\/h1>\n\n\n\n<p>Bestyrelsen foreslog Gunnar fra nr. 89 og han blev valgt af forsamlingen.<\/p>\n\n\n\n<p>Gunnar konstaterede herefter at generalforsamlingen var lovlig indkaldt, forslagene var indsendt til tiden og dagsordenen var i henhold til vedt\u00e6gterne.<\/p>\n\n\n\n<p>Gunnar konstaterede, at der var 26 huse repr\u00e6senteret heraf 2 ved fuldmagt, dvs 52 stemmer i alt.<\/p>\n\n\n\n<h1 class=\"wp-block-heading\">2.&nbsp; Formandens beretning<\/h1>\n\n\n\n<p>N\u00e6stformanden opl\u00e6ste udvalgte afsnit op fra formandens beretning. Der var ingen kommentarer og beretningen blev herefter godkendt.<\/p>\n\n\n\n<h1 class=\"wp-block-heading\">3.&nbsp; Afl\u00e6ggelse af regnskab samt forel\u00e6ggelse af budget<\/h1>\n\n\n\n<p>Martin gennemgik driftsregnskabet, som udtrykte et mindre underskud prim\u00e6rt pga at de gr\u00f8nne udgifter var \u00f8get samt status for 2021. Regnskabet blev godkendt.<\/p>\n\n\n\n<p>Derefter gennemgik Martin budgettet for 2022, som blev godkendt<\/p>\n\n\n\n<h1 class=\"wp-block-heading\">4.&nbsp; Indkomne forslag<\/h1>\n\n\n\n<p>Mohammad fra nr. 18 havde indleveret 2 forslag<\/p>\n\n\n\n<p><strong>1 .&nbsp;&nbsp;&nbsp;&nbsp;&nbsp;&nbsp;&nbsp;&nbsp;&nbsp;&nbsp;&nbsp;&nbsp;&nbsp;&nbsp;&nbsp;&nbsp;&nbsp;&nbsp; Mulighed for etableringen af fiberforbindelse<\/strong><\/p>\n\n\n\n<p>Mohammad uddybede forslaget og forsamlingen b\u00f8d ind med kommentarer<\/p>\n\n\n\n<p>Marianne fra nr. 88 kunne ikke se at forslagene var fremsendt. Bestyrelsen oplyste at de var oplagt p\u00e5 hjemmesiden, som meddelt i indkaldelsen<\/p>\n\n\n\n<p>Niels fra nr. 80 foreslog at bestyrelsen unders\u00f8gte mulighederne<\/p>\n\n\n\n<p>Marianne fra nr. 88 foreslog at Mohammad deltog i arbejdet Brian fra bestyrelsen foreslog at deltage i unders\u00f8gelsesarbejdet &nbsp;Forslaget blev opsummeret og godkendt til at omfatte f\u00f8lgende:<\/p>\n\n\n\n<p>Unders\u00f8ge priser og vilk\u00e5r for at f\u00e5 internet fiberforbinde\/ser indlagt i S\u00f8ho\/tparken<\/p>\n\n\n\n<p><strong>2.&nbsp;&nbsp;&nbsp;&nbsp;&nbsp;&nbsp;&nbsp;&nbsp;&nbsp;&nbsp;&nbsp;&nbsp;&nbsp;&nbsp;&nbsp;&nbsp;&nbsp;&nbsp;&nbsp; Mulighed for privatparkering<\/strong><\/p>\n\n\n\n<p>Mohammad uddybede forslaget og forsamlingen b\u00f8d ind med kommentarer &nbsp;Niels fra nr. 80 spurgte om teksten i beretningen ikke svarede til forslaget<\/p>\n\n\n\n<p>Rune fra bestyrelsen orienterede om de gennemf\u00f8rte aktiviteter omkring S\u00f8holtparkens parkerings udfordringer og oplyste at vi nu afventede kommunens tilbagemelding. Hjemmesiden vil blive opdateret n\u00e5r vi har nyt.<\/p>\n\n\n\n<p>Forslaget blev omformuleret og godkendt til f\u00f8lgende: Bestyrelsen anmodes om at forts\u00e6tte det allerede igangsatte arbejde<\/p>\n\n\n\n<p>5. Fasts\u00e6ttelse af kontingent<\/p>\n\n\n\n<p>Kontingent er fastsat til kr, 1350, som godkendt under budgettet.<\/p>\n\n\n\n<h1 class=\"wp-block-heading\">6. Valg af bestyrelse<\/h1>\n\n\n\n<ol class=\"wp-block-list\"><li>Formand Rune Madsen blev enstemmigt valgt.<\/li><li>Bestyrelsesmedlem Jens Erik Nielsen blev enstemmigt genvalgt.<\/li><li>Bestyrelsesmedlem Marianne Hj\u00e6resen blev enstemmigt valgt<\/li><li>Suppleant Plamen Tonev Petrov nr. 36 blev enstemmigt valgt<\/li><\/ol>\n\n\n\n<p><strong>7. Valg af revisor<\/strong><\/p>\n\n\n\n<p>Faruk Serifovski fra nr. 16 blev enstemmigt genvalgt<\/p>\n\n\n\n<h1 class=\"wp-block-heading\">8. Valg af revisorsuppleant<\/h1>\n\n\n\n<p>Der var ingen forslag til denne funktion, men i lighed med sidste \u00e5r godkendte forsamlingen, at vi fors\u00e6tter med kun een revisorsuppleant.<\/p>\n\n\n\n<h1 class=\"wp-block-heading\">9. Eventuelt<\/h1>\n\n\n\n<p>Martin oplyste at kontingentopkr\u00e6vninger ligger klar til uddeling<\/p>\n\n\n\n<p>Webmaster Brian orienterede om ny hjemmeside og at bestyrelsen i st\u00f8rre grad fremover vil g\u00f8re brug af denne kommunikationskanal<\/p>\n\n\n\n<p>Der blev spurgt om muligheden for anl\u00e6g af en petanque bane et sted p\u00e5 de gr\u00f8nne arealer, hvilket bestyrelsen fandt var et rigtig godt forslag. Vi skal bare huske at vi selv skal anl\u00e6gge og vedligeholde en s\u00e5dan bane<\/p>\n\n\n\n<p>Fjernelse af hybenbuske skaber andre udfordringer herunder utilsigtet trafik. Bestyrelsen oplyste at man er opm\u00e6rksom p\u00e5 dette og gjorde opm\u00e6rksom p\u00e5 allerede igangsatte tiltag, herunder et 10 mtr langt hegn i starten af stamvejen, steler p\u00e5 kommunestier kombineret med store sten. Og s\u00e5 m\u00e5 vi l\u00f8bende vurdere om der er flere behov<\/p>\n\n\n\n<p>Jens Erik n\u00e6vnte muligheden for at anl\u00e6gge blomsterbede p\u00e5 vore gr\u00f8nne f\u00e6lles omr\u00e5der for at h\u00f8jne biodiversiteten<\/p>\n\n\n\n<p>Bestyrelsen ser nu s\u00e5ledes ud:<\/p>\n\n\n\n<p>Formand: Rune Madsen nr. 76<\/p>\n\n\n\n<p>N\u00e6stformand: (fungerende) Martin Gr\u00f8nkj\u00e6r Petersen nr. 26 Kasserer: Martin Gr\u00f8nkj\u00e6r Petersen nr. 26<\/p>\n\n\n\n<p>Bestyrelsesmedlem: Jens Erik Nielsen nr. 13<\/p>\n\n\n\n<p>Bestyrelsesmedlem: Marianne Hj\u00e6resen nr. 88<\/p>\n\n\n\n<p>Bestyrelsesmedlem: Brian Tvenstrup Nielsen nr. 91<\/p>\n\n\n\n<p>Suppleant: Plamen Tonev Petrov nr. 36<\/p>\n\n\n\n<p>Revisor: Faruk Serifovski nr. 16<\/p>\n\n\n\n<p>Revisor: Minoo Fakhr Ahmadi nr. 75<\/p>\n\n\n\n<p>Revisorsuppleant: Aras Wahab Abdul-Kader nr. 45<\/p>\n\n\n\n<figure class=\"wp-block-image\"><img decoding=\"async\" src=\"http:\/\/192.168.1.126\/wp-content\/uploads\/2022\/04\/Underskrift-2022.jpg\" alt=\"\" class=\"wp-image-245\"\/><\/figure>\n","protected":false},"excerpt":{"rendered":"<p>Referat fra grundejerforningen S\u00f8holtparkens generalforsamling den 20. marts 2022 Da formanden havde meldt forfald, b\u00f8d n\u00e6stformanden velkommen til de mange fremm\u00f8dte. 1. Valg af dirigent Bestyrelsen foreslog Gunnar fra nr. 89 og han blev valgt af forsamlingen. Gunnar konstaterede herefter at generalforsamlingen var lovlig indkaldt, forslagene var indsendt til tiden og dagsordenen var i henhold &hellip; <a href=\"https:\/\/www.soholtparken.dk\/index.php\/referat-2022\/\" class=\"more-link\">L\u00e6s videre<span class=\"screen-reader-text\"> &#8220;Referat 2022&#8221;<\/span><\/a><\/p>\n","protected":false},"author":2,"featured_media":0,"parent":0,"menu_order":0,"comment_status":"closed","ping_status":"closed","template":"","meta":{"_monsterinsights_skip_tracking":false,"_monsterinsights_sitenote_active":false,"_monsterinsights_sitenote_note":"","_monsterinsights_sitenote_category":0,"footnotes":""},"class_list":["post-39","page","type-page","status-publish","hentry"],"aioseo_notices":[],"_links":{"self":[{"href":"https:\/\/www.soholtparken.dk\/index.php\/wp-json\/wp\/v2\/pages\/39","targetHints":{"allow":["GET"]}}],"collection":[{"href":"https:\/\/www.soholtparken.dk\/index.php\/wp-json\/wp\/v2\/pages"}],"about":[{"href":"https:\/\/www.soholtparken.dk\/index.php\/wp-json\/wp\/v2\/types\/page"}],"author":[{"embeddable":true,"href":"https:\/\/www.soholtparken.dk\/index.php\/wp-json\/wp\/v2\/users\/2"}],"replies":[{"embeddable":true,"href":"https:\/\/www.soholtparken.dk\/index.php\/wp-json\/wp\/v2\/comments?post=39"}],"version-history":[{"count":1,"href":"https:\/\/www.soholtparken.dk\/index.php\/wp-json\/wp\/v2\/pages\/39\/revisions"}],"predecessor-version":[{"id":194,"href":"https:\/\/www.soholtparken.dk\/index.php\/wp-json\/wp\/v2\/pages\/39\/revisions\/194"}],"wp:attachment":[{"href":"https:\/\/www.soholtparken.dk\/index.php\/wp-json\/wp\/v2\/media?parent=39"}],"curies":[{"name":"wp","href":"https:\/\/api.w.org\/{rel}","templated":true}]}}