{"id":34,"date":"2026-03-07T09:00:00","date_gmt":"2026-03-07T08:00:00","guid":{"rendered":"https:\/\/www.soholtparken.dk\/?page_id=34"},"modified":"2026-03-07T09:39:01","modified_gmt":"2026-03-07T08:39:01","slug":"generalforsamling","status":"publish","type":"page","link":"https:\/\/www.soholtparken.dk\/index.php\/generalforsamling\/","title":{"rendered":"Generalforsamling"},"content":{"rendered":"\n<p>Generalforsamling afholdes hvert \u00e5r i marts m\u00e5ned kl. 10.00 i Strandens Forsamlingshus. Indkaldelsen udsendes via e-mail. E-mailen vil ogs\u00e5 indeholde bilagene.<\/p>\n\n\n\n<p>Indkaldelse og bilag vil kunne ses l\u00e6ngere nede p\u00e5 denne side, hvor ogs\u00e5 eventuelle modtagne forslag vil blive opsl\u00e5et.<\/p>\n\n\n\n<figure class=\"wp-block-image size-large\"><img loading=\"lazy\" decoding=\"async\" width=\"1024\" height=\"683\" src=\"https:\/\/www.soholtparken.dk\/wp-content\/uploads\/2022\/05\/Generalforsamling-1024x683.jpg\" alt=\"\" class=\"wp-image-35\" srcset=\"https:\/\/www.soholtparken.dk\/wp-content\/uploads\/2022\/05\/Generalforsamling-1024x683.jpg 1024w, https:\/\/www.soholtparken.dk\/wp-content\/uploads\/2022\/05\/Generalforsamling-300x200.jpg 300w, https:\/\/www.soholtparken.dk\/wp-content\/uploads\/2022\/05\/Generalforsamling-768x512.jpg 768w, https:\/\/www.soholtparken.dk\/wp-content\/uploads\/2022\/05\/Generalforsamling-1536x1024.jpg 1536w, https:\/\/www.soholtparken.dk\/wp-content\/uploads\/2022\/05\/Generalforsamling-1200x800.jpg 1200w, https:\/\/www.soholtparken.dk\/wp-content\/uploads\/2022\/05\/Generalforsamling.jpg 1920w\" sizes=\"auto, (max-width: 709px) 85vw, (max-width: 909px) 67vw, (max-width: 1362px) 62vw, 840px\" \/><\/figure>\n\n\n\n<p class=\"has-medium-font-size\"><strong>Generalforsamling 2026<\/strong><\/p>\n\n\n\n<p><strong>Indkaldelse mv<\/strong><\/p>\n\n\n\n<div data-wp-interactive=\"core\/file\" class=\"wp-block-file\"><object data-wp-bind--hidden=\"!state.hasPdfPreview\" hidden class=\"wp-block-file__embed\" data=\"https:\/\/www.soholtparken.dk\/wp-content\/uploads\/2026\/03\/Indkaldelse-generalforsamling-2026_Soeholtparken.pdf\" type=\"application\/pdf\" style=\"width:100%;height:200px\" aria-label=\"Embed Indkaldelse generalforsamling 2026_S\u00f8holtparken.\"><\/object><a id=\"wp-block-file--media-d09603bc-1e96-4911-9677-8b93a30afaf8\" href=\"https:\/\/www.soholtparken.dk\/wp-content\/uploads\/2026\/03\/Indkaldelse-generalforsamling-2026_Soeholtparken.pdf\">Indkaldelse generalforsamling 2026_S\u00f8holtparken<\/a><a href=\"https:\/\/www.soholtparken.dk\/wp-content\/uploads\/2026\/03\/Indkaldelse-generalforsamling-2026_Soeholtparken.pdf\" class=\"wp-block-file__button wp-element-button\" download aria-describedby=\"wp-block-file--media-d09603bc-1e96-4911-9677-8b93a30afaf8\">Download<\/a><\/div>\n\n\n\n<div data-wp-interactive=\"core\/file\" class=\"wp-block-file\"><object data-wp-bind--hidden=\"!state.hasPdfPreview\" hidden class=\"wp-block-file__embed\" data=\"https:\/\/www.soholtparken.dk\/wp-content\/uploads\/2026\/03\/Driftregnskab-2025_Soeholtparken.pdf\" type=\"application\/pdf\" style=\"width:100%;height:200px\" aria-label=\"Embed Driftregnskab 2025_S\u00f8holtparken.\"><\/object><a id=\"wp-block-file--media-0005cc7b-fa6d-4362-8672-a5c4c6fa2bb7\" href=\"https:\/\/www.soholtparken.dk\/wp-content\/uploads\/2026\/03\/Driftregnskab-2025_Soeholtparken.pdf\">Driftregnskab 2025_S\u00f8holtparken<\/a><a href=\"https:\/\/www.soholtparken.dk\/wp-content\/uploads\/2026\/03\/Driftregnskab-2025_Soeholtparken.pdf\" class=\"wp-block-file__button wp-element-button\" download aria-describedby=\"wp-block-file--media-0005cc7b-fa6d-4362-8672-a5c4c6fa2bb7\">Download<\/a><\/div>\n\n\n\n<div data-wp-interactive=\"core\/file\" class=\"wp-block-file\"><object data-wp-bind--hidden=\"!state.hasPdfPreview\" hidden class=\"wp-block-file__embed\" data=\"https:\/\/www.soholtparken.dk\/wp-content\/uploads\/2026\/03\/Budget-2026_Soeholtparken.pdf\" type=\"application\/pdf\" style=\"width:100%;height:200px\" aria-label=\"Embed Budget 2026_S\u00f8holtparken.\"><\/object><a id=\"wp-block-file--media-607857ef-d8d1-40c8-8b2c-648aa996926a\" href=\"https:\/\/www.soholtparken.dk\/wp-content\/uploads\/2026\/03\/Budget-2026_Soeholtparken.pdf\">Budget 2026_S\u00f8holtparken<\/a><a href=\"https:\/\/www.soholtparken.dk\/wp-content\/uploads\/2026\/03\/Budget-2026_Soeholtparken.pdf\" class=\"wp-block-file__button wp-element-button\" download aria-describedby=\"wp-block-file--media-607857ef-d8d1-40c8-8b2c-648aa996926a\">Download<\/a><\/div>\n\n\n\n<div data-wp-interactive=\"core\/file\" class=\"wp-block-file\"><object data-wp-bind--hidden=\"!state.hasPdfPreview\" hidden class=\"wp-block-file__embed\" data=\"https:\/\/www.soholtparken.dk\/wp-content\/uploads\/2026\/03\/Formandsberetning-2025_Final.pdf\" type=\"application\/pdf\" style=\"width:100%;height:200px\" aria-label=\"Embed Formandsberetning 2025_Final.\"><\/object><a id=\"wp-block-file--media-1354f895-0e1b-4d1a-93a6-612ddde30f79\" href=\"https:\/\/www.soholtparken.dk\/wp-content\/uploads\/2026\/03\/Formandsberetning-2025_Final.pdf\">Formandsberetning 2025_Final<\/a><a href=\"https:\/\/www.soholtparken.dk\/wp-content\/uploads\/2026\/03\/Formandsberetning-2025_Final.pdf\" class=\"wp-block-file__button wp-element-button\" download aria-describedby=\"wp-block-file--media-1354f895-0e1b-4d1a-93a6-612ddde30f79\">Download<\/a><\/div>\n\n\n\n<p><strong>Modtagne forslag<\/strong><\/p>\n\n\n\n<div data-wp-interactive=\"core\/file\" class=\"wp-block-file\"><object data-wp-bind--hidden=\"!state.hasPdfPreview\" hidden class=\"wp-block-file__embed\" data=\"https:\/\/www.soholtparken.dk\/wp-content\/uploads\/2026\/03\/Forslag-fra-bestyrelsen_Final.pdf\" type=\"application\/pdf\" style=\"width:100%;height:200px\" aria-label=\"Embed Forslag fra bestyrelsen_Final.\"><\/object><a id=\"wp-block-file--media-7b55e4ea-b59e-42c3-b585-d9eeda120831\" href=\"https:\/\/www.soholtparken.dk\/wp-content\/uploads\/2026\/03\/Forslag-fra-bestyrelsen_Final.pdf\">Forslag fra bestyrelsen_Final<\/a><a href=\"https:\/\/www.soholtparken.dk\/wp-content\/uploads\/2026\/03\/Forslag-fra-bestyrelsen_Final.pdf\" class=\"wp-block-file__button wp-element-button\" download aria-describedby=\"wp-block-file--media-7b55e4ea-b59e-42c3-b585-d9eeda120831\">Download<\/a><\/div>\n\n\n\n<div data-wp-interactive=\"core\/file\" class=\"wp-block-file\"><object data-wp-bind--hidden=\"!state.hasPdfPreview\" hidden class=\"wp-block-file__embed\" data=\"https:\/\/www.soholtparken.dk\/wp-content\/uploads\/2026\/03\/GF-hus-Soeholtparken.pdf\" type=\"application\/pdf\" style=\"width:100%;height:200px\" aria-label=\"Embed GF hus S\u00f8holtparken.\"><\/object><a id=\"wp-block-file--media-c0e87dcb-9afa-465f-ae6b-7dbf59446f19\" href=\"https:\/\/www.soholtparken.dk\/wp-content\/uploads\/2026\/03\/GF-hus-Soeholtparken.pdf\">GF hus S\u00f8holtparken<\/a><a href=\"https:\/\/www.soholtparken.dk\/wp-content\/uploads\/2026\/03\/GF-hus-Soeholtparken.pdf\" class=\"wp-block-file__button wp-element-button\" download aria-describedby=\"wp-block-file--media-c0e87dcb-9afa-465f-ae6b-7dbf59446f19\">Download<\/a><\/div>\n","protected":false},"excerpt":{"rendered":"<p>Generalforsamling afholdes hvert \u00e5r i marts m\u00e5ned kl. 10.00 i Strandens Forsamlingshus. Indkaldelsen udsendes via e-mail. E-mailen vil ogs\u00e5 indeholde bilagene. Indkaldelse og bilag vil kunne ses l\u00e6ngere nede p\u00e5 denne side, hvor ogs\u00e5 eventuelle modtagne forslag vil blive opsl\u00e5et. Generalforsamling 2026 Indkaldelse mv Modtagne forslag<\/p>\n","protected":false},"author":51,"featured_media":0,"parent":0,"menu_order":0,"comment_status":"closed","ping_status":"closed","template":"","meta":{"_monsterinsights_skip_tracking":false,"_monsterinsights_sitenote_active":false,"_monsterinsights_sitenote_note":"","_monsterinsights_sitenote_category":0,"footnotes":""},"class_list":["post-34","page","type-page","status-publish","hentry"],"aioseo_notices":[],"_links":{"self":[{"href":"https:\/\/www.soholtparken.dk\/index.php\/wp-json\/wp\/v2\/pages\/34","targetHints":{"allow":["GET"]}}],"collection":[{"href":"https:\/\/www.soholtparken.dk\/index.php\/wp-json\/wp\/v2\/pages"}],"about":[{"href":"https:\/\/www.soholtparken.dk\/index.php\/wp-json\/wp\/v2\/types\/page"}],"author":[{"embeddable":true,"href":"https:\/\/www.soholtparken.dk\/index.php\/wp-json\/wp\/v2\/users\/51"}],"replies":[{"embeddable":true,"href":"https:\/\/www.soholtparken.dk\/index.php\/wp-json\/wp\/v2\/comments?post=34"}],"version-history":[{"count":9,"href":"https:\/\/www.soholtparken.dk\/index.php\/wp-json\/wp\/v2\/pages\/34\/revisions"}],"predecessor-version":[{"id":972,"href":"https:\/\/www.soholtparken.dk\/index.php\/wp-json\/wp\/v2\/pages\/34\/revisions\/972"}],"wp:attachment":[{"href":"https:\/\/www.soholtparken.dk\/index.php\/wp-json\/wp\/v2\/media?parent=34"}],"curies":[{"name":"wp","href":"https:\/\/api.w.org\/{rel}","templated":true}]}}