{"id":3,"date":"2022-05-13T08:46:05","date_gmt":"2022-05-13T08:46:05","guid":{"rendered":"http:\/\/www.soholtparken.dk\/?page_id=3"},"modified":"2022-05-14T07:13:29","modified_gmt":"2022-05-14T05:13:29","slug":"privacy-policy","status":"publish","type":"page","link":"https:\/\/www.soholtparken.dk\/index.php\/privacy-policy\/","title":{"rendered":"Privatlivspolitik"},"content":{"rendered":"\n<h3 class=\"wp-block-heading\">Dataansvarlig<\/h3>\n\n\n\n<p>Vi er dataansvarlig for behandlingen af de personoplysninger, som vi behandler om vores medlemmer og samarbejdspartnere. Du finder vores kontaktoplysninger nedenfor.<\/p>\n\n\n\n<p>Grundejerforeningen S\u00f8holtparken<\/p>\n\n\n\n<p>S\u00f8holtparken, DK-2660 Br\u00f8ndby Strand<\/p>\n\n\n\n<p>CVR-nr.: 40503897<\/p>\n\n\n\n<p>Hvis du har sp\u00f8rgsm\u00e5l til behandlingen af dine personoplysninger, s\u00e5 kan du kontakte os via webmaster@soholtparken.dk.<\/p>\n\n\n\n<h3 class=\"wp-block-heading\">Behandlingsaktiviteter&nbsp;<\/h3>\n\n\n\n<h4 class=\"wp-block-heading\">Bes\u00f8g p\u00e5 hjemmeside<\/h4>\n\n\n\n<p>N\u00e5r du bes\u00f8ger vores hjemmeside, s\u00e5 anvender vi cookies for at hjemmesiden kan fungere. Cookies p\u00e5 vores hjemeside, som er data, der gemmes p\u00e5 din enhed (computer, mobil, tablet el. lign). Disse data har til form\u00e5l at genkende din enhed og \u00f8ge brugervenligheden samtidigt med at de husker indstillinger.<\/p>\n\n\n\n<p>Det er muligt at slette sine cookies og alternativt blokere dem.<\/p>\n\n\n\n<h4 class=\"wp-block-heading\">Kommunikation med Medlemmer og samarbejdspartnere<\/h4>\n\n\n\n<p>N\u00e5r du har sp\u00f8rgsm\u00e5l til vores side, eller \u00f8nsker at h\u00f8re mere om vores services, s\u00e5 kan du kontakte os via:<\/p>\n\n\n\n<div style=\"display:none\" class=\"fm-form-container fm-theme1\"><div id=\"fm-pages1\" class=\"fm-pages wdform_page_navigation \" show_title=\"\" show_numbers=\"1\" type=\"none\"><\/div><form name=\"form1\" action=\"\/index.php\/wp-json\/wp\/v2\/pages\/3\" method=\"post\" id=\"form1\" class=\"fm-form form1  \" enctype=\"multipart\/form-data\"><input type=\"hidden\" id=\"fm_page_id1\" value=\"3\" name=\"fm_page_id1\" \/><input type=\"hidden\" id=\"fm_current_post_type1\" value=\"page\" name=\"fm_current_post_type1\" \/><input type=\"hidden\" id=\"counter1\" value=\"7\" name=\"counter1\" \/><input type=\"hidden\" id=\"Itemid1\" value=\"\" name=\"Itemid1\" \/><input type=\"hidden\" id=\"fm_shake1\" value=\"1\" name=\"fm_shake1\" \/><input type=\"text\" class=\"fm-hide\" id=\"fm_empty_field_validation1\" value=\"\" name=\"fm_empty_field_validation1\" data-value=\"bd736efb144d599cf463541431fbf5c4\" \/><div class=\"fm-header-bg\"><div class=\"fm-header \"><div class=\"fm-header-text\">          <div class=\"fm-header-title\">            Kontakt bestyrelsen          <\/div>          <div class=\"fm-header-description\">            <div class=\"fm-header-bg\"><div class=\"fm-header \"><div class=\"fm-header-text\"><div class=\"fm-header-description\">Du kan kontakte bestyrelsen ved at udfylde nedenst\u00e5ende formular, for hj\u00e6lp, sp\u00f8rgsm\u00e5l eller kommentarer.<\/div><\/div><\/div><\/div>&nbsp;          <\/div>        <\/div><\/div><\/div><div class=\"wdform-page-and-images fm-form-builder\"><div id=\"1form_view1\" class=\"wdform_page\" page_title=\"Untitled page\" next_title=\"Next\" next_type=\"text\" next_class=\"wdform-page-button\" next_checkable=\"true\" previous_title=\"Previous\" previous_type=\"text\" previous_class=\"wdform-page-button\" previous_checkable=\"false\"><div class=\"wdform_section\"><div class=\"wdform_column\"><div wdid=\"2\" class=\"wdform_row\"><div type=\"type_text\" class=\"wdform-field wd-width-100 wd-flex wd-flex-column fm-type_text\" ><div class=\"wdform-label-section wd-width-100  wd-flex-row wd-align-items-center\">    <label  for=\"wdform_2_element1\" class=\"wdform-label\">Navn<\/label><span class=\"wdform-required\">*<\/span><\/div><div class=\"wdform-element-section wd-flex  wd-flex-row wd-align-items-center wd-width-100\" ><input type=\"text\"                           class=\"wd-width-100\"                           id=\"wdform_2_element1\"                           name=\"wdform_2_element1\"                           value=\"\"                           data-value=\"\"                           title=\"\"                           placeholder=\"\"                                                       \/><\/div><\/div><\/div><\/div><div class=\"wdform_column\"><div wdid=\"3\" class=\"wdform_row\"><div type=\"type_submitter_mail\" class=\"wdform-field wd-width-100 wd-flex wd-flex-column fm-type_submitter_mail\" ><div class=\"wdform-label-section wd-width-100  wd-flex-row\">    <label  for=\"wdform_3_element1\" class=\"wdform-label\">Email<\/label><span class=\"wdform-required\">*<\/span><\/div><div class=\"wdform-element-section wd-flex  wd-flex-row wd-width-100\" ><input type=\"text\" class=\"wd-width-100\" id=\"wdform_3_element1\" name=\"wdform_3_element1\" data-value=\"\" value=\"\" title=\"\" placeholder=\"\"   onchange=\"wd_check_email('3', '1', 'Dette er ikke en gyldig e-mail-adresse.')\" \/><\/div><\/div><\/div><\/div><div class=\"wdform_column\"><div wdid=\"4\" class=\"wdform_row\"><div type=\"type_text\" class=\"wdform-field wd-width-100 wd-flex wd-flex-column fm-type_text\" ><div class=\"wdform-label-section wd-width-100  wd-flex-row wd-align-items-center\">    <label  for=\"wdform_4_element1\" class=\"wdform-label\">Overskrift<\/label><span class=\"wdform-required\">*<\/span><\/div><div class=\"wdform-element-section wd-flex  wd-flex-row wd-align-items-center wd-width-100\" ><input type=\"text\"                           class=\"wd-width-100\"                           id=\"wdform_4_element1\"                           name=\"wdform_4_element1\"                           value=\"\"                           data-value=\"\"                           title=\"\"                           placeholder=\"\"                                                       \/><\/div><\/div><\/div><\/div><div class=\"wdform_column\"><div wdid=\"5\" class=\"wdform_row\"><div type=\"type_textarea\" class=\"wdform-field wd-width-100 wd-flex wd-flex-column fm-type_textarea\" ><div class=\"wdform-label-section wd-width-100 \">    <label  for=\"wdform_5_element1\" class=\"wdform-label\">Meddelelse<\/label><span class=\"wdform-required\">*<\/span><\/div><div class=\"wdform-element-section wd-flex  wd-width-100\" ><textarea class=\"wd-width-100\"                      id=\"wdform_5_element1\"                      name=\"wdform_5_element1\"                      placeholder=\"\"                      data-value=\"\"                      maxlength=\"\"                      style=\"height: 100px;\"                      ><\/textarea><\/div><\/div><\/div><\/div><div class=\"wdform_column\"><div wdid=\"6\" class=\"wdform_row\"><div type=\"type_captcha\" class=\"wdform-field wd-width-100 wd-flex wd-flex-row fm-type_captcha\" ><div class=\"wdform-label-section wd-width-30  wd-flex-row wd-align-items-center\">    <label  for=\"wd_captcha_input1\" class=\"wdform-label\">Skriv de 6 tegn i feltet ved siden af billedet<\/label><\/div><div class=\"wdform-element-section wd-flex  wd-flex-row wd-align-items-center wd-width-70\" ><img decoding=\"async\" type=\"captcha\"                           digit=\"6\"                           src=\" https:\/\/www.soholtparken.dk\/wp-admin\/admin-ajax.php?action=formmakerwdcaptcha&digit=6&i=1\"                           id=\"wd_captcha1\"                           class=\"captcha_img wd-hidden\"                            \/><div class=\"captcha_refresh\" id=\"_element_refresh1\" ><\/div><input type=\"text\"                              class=\"captcha_input\"                              id=\"wd_captcha_input1\"                              name=\"captcha_input\"                              style=\"width: 80px;\"                               \/><\/div><\/div><\/div><div wdid=\"1\" class=\"wdform_row\" style=\"position: relative; left: 0px; top: 0px;\"><div type=\"type_gdpr_compliance_checkbox\" class=\"wdform-field wd-width-100 wd-flex wd-flex-column fm-type_gdpr_compliance_checkbox\" ><div class=\"wdform-element-section wd-flex  wd-flex-row wd-justify-content-left wd-width-100\" ><label for=\"fm_privacy_policy1\" class=\"wdform-label\">                                       <input id=\"fm_privacy_policy1\" name=\"fm_privacy_policy1\" class=\"wd-flex-row fm-gdpr-checkbox\" onclick=\"fm_privacy_policy_check(this)\" type=\"checkbox\" value=\"1\">Jeg er indforst\u00e5et med at, hjemmeside opsamlet data og behandler dem i forhold til vores  <a href=\"https:\/\/www.soholtparken.dk\/index.php\/privacy-policy\/\" target=\"_blank\">Privatlivspolitik<\/a>.<\/label><\/div><\/div><div type=\"type_submit_reset\" class=\"wdform-field wd-width-100 wd-flex wd-flex-column fm-type_submit_reset\" ><div class=\"wdform-element-section wd-flex  wd-flex-row wd-justify-content-left wd-width-100\" ><button disabled=\"disabled\" type=\"button\" class=\"button-submit\" onclick=\"fm_submit_form('1');\"  data-ajax=\"0\"><span class=\"fm-submit-loading spinner fm-ico-spinner\"><\/span>Send<\/button><button  type=\"button\" class=\"button-reset wd-hidden\" onclick=\"fm_reset_form(1);\" >Reset<\/button><\/div><\/div><\/div><\/div><\/div><div valign=\"top\" class=\"wdform_footer wd-width-100\"><div class=\"wd-width-100\"><div class=\"wd-width-100 wd-table\" style=\"padding-top:10px;\"><div class=\"wd-table-group\"><div id=\"1page_nav1\" class=\"wd-table-row\"><\/div><\/div><\/div><\/div><\/div><\/div><\/div><div class=\"wdform_preload\"><\/div><input type=\"hidden\" name=\"fm-current-page\" value=\"https:\/\/www.soholtparken.dk\/index.php\/wp-json\/wp\/v2\/pages\/3\" \/><\/form><\/div>\n\n\n\n<p>Herigennem vil vi behandle dine personoplysninger, s\u00e5 vi kan indg\u00e5 i en dialog med dig fx svare p\u00e5 sp\u00f8rgsm\u00e5l om vores ydelser. Vi behandler kun den information, som du giver os i forbindelse med vores kommunikation.<\/p>\n\n\n\n<p>Vi vil typisk behandle f\u00f8lgende almindelige oplysninger: navn, email, telefonnummer.<\/p>\n\n\n\n<p>Vores hjemmel til at behandle disse personoplysninger er databeskyttelsesforordningens artikel 6, stk. 1 litra f.<\/p>\n\n\n\n<p>Vi sletter vores kommunikation med dig n\u00e5r det st\u00e5r klart om du \u00f8nsker vores ydelser eller ej.<\/p>\n\n\n\n<p>Skulle der i et s\u00e6rligt tilf\u00e6lde opst\u00e5 et behov for at opbevare dine personoplysninger i l\u00e6ngere tid, s\u00e5 vil dette kunne v\u00e6re tilf\u00e6ldet.<\/p>\n\n\n\n<h4 class=\"wp-block-heading\">Nyhedsbrev<\/h4>\n\n\n\n<p>Vi har et nyhedsbrev, som det er frivilligt at tilmelde sig \u2013 og du kan altid framelde dig dette igen.&nbsp;<\/p>\n\n\n\n<p>Form\u00e5let med nyhedsbrevet er at sende de tilmeldte mails med ny information fra virksomheden, som kan omhandle nyt indhold p\u00e5 hjemmesiden, annoncering af vores ydelser.<\/p>\n\n\n\n<p>Vi vil kun sende dig mails, hvis du har givet dit aktive samtykke til dette. Det kr\u00e6ver i f\u00f8rste omgang, at du angiver din mailadresse, som vi efterf\u00f8lgende sender en mail til, s\u00e5ledes at du kan bekr\u00e6fte tilmeldingen. P\u00e5 denne m\u00e5de, s\u00e5 sikrer vi, at du rent faktisk selv har tilmeldt dig nyhedsbrevet dvs. afgivet aktivt samtykke.&nbsp;<\/p>\n\n\n\n<p>Vores hjemmel til at behandle dine personoplysninger (dvs. mailadressen) i forbindelse med nyhedsbrevet vil v\u00e6re databeskyttelsesforordningens artikel 6, stk. 1 litra a.<\/p>\n\n\n\n<p>Vi vil behandle dine personoplysninger, s\u00e5 l\u00e6nge at du stadig er tilmeldt nyhedsbrevet. Ved afmeldelse af nyhedsbrevet, s\u00e5 stopper vi ogs\u00e5 med at sende dette til dig. Har vi ikke sendt dig et nyhedsbrev i 1 \u00e5r, s\u00e5 bortfalder dit samtykke som f\u00f8lge af vores passivitet.<\/p>\n\n\n\n<p>Ved framelding af nyhedsbrevet, s\u00e5 gemmer vi dit nu tidligere samtykke i 2 \u00e5r efter, at det senest er anvendt pga. for\u00e6ldelseskrav jf. Forbrugerombudsmandens spamvejledning afsnit 11.3.&nbsp;<\/p>\n\n\n\n<h4 class=\"wp-block-heading\">Bogf\u00f8ring<\/h4>\n\n\n\n<p>Vi skal gemme alle regnskabsbilag jf. bogf\u00f8ringsloven. Det betyder, at vi gemmer fakturaer og lignende bilag til brug for regnskabsf\u00f8ring. Heraf kan der fremg\u00e5 almindelige personoplysninger som navn, adresse, ydelsesbeskrivelse.<\/p>\n\n\n\n<p>Vores hjemmel til at behandle personoplysninger til bogf\u00f8ringen er databeskyttelsesforordningens artikel 6, stk.1 litra.<\/p>\n\n\n\n<p>Vi opbevarer disse oplysninger i minimum 5 \u00e5r efter at indev\u00e6rende regnskabs\u00e5r er afsluttet.&nbsp;<\/p>\n\n\n\n<h3 class=\"wp-block-heading\">Databehandlere<\/h3>\n\n\n\n<p>F\u00e5 kan klare alt selv, og det samme g\u00e6lder os. Vi har derfor samarbejdspartnere, samt benytter os af leverand\u00f8rer, hvoraf nogle kan v\u00e6re databehandlere.<\/p>\n\n\n\n<p>Eksterne leverand\u00f8rer kan eksempelvis levere systemer til at organisere vores arbejde, services, r\u00e5dgivning, IT-hosting eller markedsf\u00f8ring.<\/p>\n\n\n\n<ul class=\"wp-block-list\"><li>https:\/\/azehosting.net\/<\/li><\/ul>\n\n\n\n<p>Det er vores ansvar at sikre, at dine personoplysninger behandles ordentligt. Derfor stiller vi h\u00f8je krav til vores samarbejdspartnere, og vores partnere skal garantere, at dine personoplysninger er beskyttet.<\/p>\n\n\n\n<p>Vi indg\u00e5r derfor aftaler herom med virksomheder (databehandlere), der h\u00e5ndterer personoplysninger p\u00e5 vores vegne for at h\u00f8jne sikkerheden af dine personoplysninger.<\/p>\n\n\n\n<h3 class=\"wp-block-heading\">Videregivelse af personoplysninger&nbsp;<\/h3>\n\n\n\n<p>Vi videregiver ikke dine personoplysninger til tredjemand.<\/p>\n\n\n\n<h3 class=\"wp-block-heading\">Profilering og automatiserede afg\u00f8relser<\/h3>\n\n\n\n<p>Vi foretager ikke profilering eller automatiserede afg\u00f8relser.<\/p>\n\n\n\n<h3 class=\"wp-block-heading\">Tredjelandeoverf\u00f8rsler<\/h3>\n\n\n\n<p>Vi benytter som udgangspunkt databehandlere i EU\/E\u00d8S, eller som opbevarer data i EU\/E\u00d8S.&nbsp;<\/p>\n\n\n\n<p>I nogle tilf\u00e6lde er dette ikke muligt, og her kan der benyttes databehandlere udenfor EU\/E\u00d8S, hvis disse kan give dine personoplysninger en passende beskyttelse.<\/p>\n\n\n\n<h3 class=\"wp-block-heading\">Behandlingssikkerhed<\/h3>\n\n\n\n<p>Vi holder behandlingen af personoplysninger sikker ved at have indf\u00f8rt passende tekniske og organisatoriske foranstaltninger.&nbsp;<\/p>\n\n\n\n<p>Vi har lavet risikovurderinger af vores behandling af personoplysninger, og har herefter indf\u00f8rt passende tekniske og organisatoriske foranstaltninger for at \u00f8ge behandlingssikkerheden.<\/p>\n\n\n\n<h3 class=\"wp-block-heading\">De registreredes rettigheder<\/h3>\n\n\n\n<p>Du har efter databeskyttelsesforordningen en r\u00e6kke rettigheder i forhold til vores behandling af oplysninger om dig.<\/p>\n\n\n\n<p>Hvis du vil g\u00f8re brug af dine rettigheder skal du kontakte os, s\u00e5 vi kan hj\u00e6lpe dig med dette.<\/p>\n\n\n\n<h4 class=\"wp-block-heading\">Ret til at se oplysninger (indsigtsret)<\/h4>\n\n\n\n<p>Du har ret til at f\u00e5 indsigt i de oplysninger, som vi behandler om dig, samt en r\u00e6kke yderligere oplysninger.<\/p>\n\n\n\n<h4 class=\"wp-block-heading\">Ret til berigtigelse (rettelse)<\/h4>\n\n\n\n<p>Du har ret til at f\u00e5 urigtige oplysninger om dig selv rettet.<\/p>\n\n\n\n<h4 class=\"wp-block-heading\">Ret til sletning<\/h4>\n\n\n\n<p>I s\u00e6rlige tilf\u00e6lde har du ret til at f\u00e5 slettet oplysninger om dig, inden tidspunktet for vores almindelige generelle sletning indtr\u00e6ffer.<\/p>\n\n\n\n<h4 class=\"wp-block-heading\">Ret til begr\u00e6nsning af behandling<\/h4>\n\n\n\n<p>Du har i visse tilf\u00e6lde ret til at f\u00e5 behandlingen af dine personoplysninger begr\u00e6nset. Hvis du har ret til at f\u00e5 begr\u00e6nset behandlingen, m\u00e5 vi fremover kun behandle oplysningerne \u2013 bortset fra opbevaring \u2013 med dit samtykke, eller med henblik p\u00e5 at retskrav kan fastl\u00e6gges, g\u00f8res g\u00e6ldende eller forsvares, eller for at beskytte en person eller vigtige samfundsinteresser.<\/p>\n\n\n\n<h4 class=\"wp-block-heading\">Ret til indsigelse<\/h4>\n\n\n\n<p>Du har i visse tilf\u00e6lde ret til at g\u00f8re indsigelse mod vores ellers lovlige behandling af dine personoplysninger. Du kan ogs\u00e5 g\u00f8re indsigelse mod behandling af dine oplysninger til direkte markedsf\u00f8ring.<\/p>\n\n\n\n<h4 class=\"wp-block-heading\">Ret til at transmittere oplysninger (dataportabilitet)<\/h4>\n\n\n\n<p>Du har i visse tilf\u00e6lde ret til at modtage dine personoplysninger i et struktureret, almindeligt anvendt og maskinl\u00e6sbart format samt at f\u00e5 overf\u00f8rt disse personoplysninger fra \u00e9n dataansvarlig til en anden uden hindring.<\/p>\n\n\n\n<p>Du kan l\u00e6se mere om dine rettigheder i Datatilsynets vejledning om de registreredes rettigheder, som du finder p\u00e5 <a href=\"http:\/\/www.datatilsynet.dk\" target=\"_blank\" rel=\"noreferrer noopener\">www.datatilsynet.dk<\/a>.<\/p>\n\n\n\n<h4 class=\"wp-block-heading\">Tilbagetr\u00e6kning af samtykke<\/h4>\n\n\n\n<p>N\u00e5r vores behandling af dine personoplysninger er baseret p\u00e5 dit samtykke, s\u00e5 har du ret til at tr\u00e6kke dit samtykke tilbage.&nbsp;<\/p>\n\n\n\n<h4 class=\"wp-block-heading\">Klage til Datatilsynet<\/h4>\n\n\n\n<p>Du har ret til at indgive en klage til Datatilsynet, hvis du er utilfreds med den m\u00e5de, vi behandler dine personoplysninger p\u00e5. Du finder Datatilsynets kontaktoplysninger p\u00e5<a href=\"http:\/\/www.datatilsynet.dk\/\" target=\"_blank\" rel=\"noreferrer noopener\"> www.datatilsynet.dk<\/a>.<\/p>\n","protected":false},"excerpt":{"rendered":"<p>Dataansvarlig Vi er dataansvarlig for behandlingen af de personoplysninger, som vi behandler om vores medlemmer og samarbejdspartnere. Du finder vores kontaktoplysninger nedenfor. Grundejerforeningen S\u00f8holtparken S\u00f8holtparken, DK-2660 Br\u00f8ndby Strand CVR-nr.: 40503897 Hvis du har sp\u00f8rgsm\u00e5l til behandlingen af dine personoplysninger, s\u00e5 kan du kontakte os via webmaster@soholtparken.dk. Behandlingsaktiviteter&nbsp; Bes\u00f8g p\u00e5 hjemmeside N\u00e5r du bes\u00f8ger vores hjemmeside, &hellip; <a href=\"https:\/\/www.soholtparken.dk\/index.php\/privacy-policy\/\" class=\"more-link\">L\u00e6s videre<span class=\"screen-reader-text\"> &#8220;Privatlivspolitik&#8221;<\/span><\/a><\/p>\n","protected":false},"author":1,"featured_media":0,"parent":0,"menu_order":0,"comment_status":"closed","ping_status":"closed","template":"","meta":{"_monsterinsights_skip_tracking":false,"_monsterinsights_sitenote_active":false,"_monsterinsights_sitenote_note":"","_monsterinsights_sitenote_category":0,"footnotes":""},"class_list":["post-3","page","type-page","status-publish","hentry"],"aioseo_notices":[],"_links":{"self":[{"href":"https:\/\/www.soholtparken.dk\/index.php\/wp-json\/wp\/v2\/pages\/3","targetHints":{"allow":["GET"]}}],"collection":[{"href":"https:\/\/www.soholtparken.dk\/index.php\/wp-json\/wp\/v2\/pages"}],"about":[{"href":"https:\/\/www.soholtparken.dk\/index.php\/wp-json\/wp\/v2\/types\/page"}],"author":[{"embeddable":true,"href":"https:\/\/www.soholtparken.dk\/index.php\/wp-json\/wp\/v2\/users\/1"}],"replies":[{"embeddable":true,"href":"https:\/\/www.soholtparken.dk\/index.php\/wp-json\/wp\/v2\/comments?post=3"}],"version-history":[{"count":3,"href":"https:\/\/www.soholtparken.dk\/index.php\/wp-json\/wp\/v2\/pages\/3\/revisions"}],"predecessor-version":[{"id":106,"href":"https:\/\/www.soholtparken.dk\/index.php\/wp-json\/wp\/v2\/pages\/3\/revisions\/106"}],"wp:attachment":[{"href":"https:\/\/www.soholtparken.dk\/index.php\/wp-json\/wp\/v2\/media?parent=3"}],"curies":[{"name":"wp","href":"https:\/\/api.w.org\/{rel}","templated":true}]}}