{"id":2,"date":"2022-05-13T08:46:05","date_gmt":"2022-05-13T06:46:05","guid":{"rendered":"http:\/\/www.soholtparken.dk\/?page_id=2"},"modified":"2025-09-03T18:28:58","modified_gmt":"2025-09-03T16:28:58","slug":"sample-page","status":"publish","type":"page","link":"https:\/\/www.soholtparken.dk\/","title":{"rendered":"Forside"},"content":{"rendered":"\n<div class=\"wp-block-cover\"><img loading=\"lazy\" decoding=\"async\" width=\"1024\" height=\"636\" class=\"wp-block-cover__image-background wp-image-16\" alt=\"\" src=\"https:\/\/www.soholtparken.dk\/wp-content\/uploads\/2022\/05\/Soeholtparken-1024x636.jpg\" style=\"object-position:45% 23%\" data-object-fit=\"cover\" data-object-position=\"45% 23%\" srcset=\"https:\/\/www.soholtparken.dk\/wp-content\/uploads\/2022\/05\/Soeholtparken-1024x636.jpg 1024w, https:\/\/www.soholtparken.dk\/wp-content\/uploads\/2022\/05\/Soeholtparken-300x186.jpg 300w, https:\/\/www.soholtparken.dk\/wp-content\/uploads\/2022\/05\/Soeholtparken-768x477.jpg 768w, https:\/\/www.soholtparken.dk\/wp-content\/uploads\/2022\/05\/Soeholtparken-1200x745.jpg 1200w, https:\/\/www.soholtparken.dk\/wp-content\/uploads\/2022\/05\/Soeholtparken.jpg 1472w\" sizes=\"auto, (max-width: 709px) 85vw, (max-width: 909px) 67vw, (max-width: 1362px) 62vw, 840px\" \/><span aria-hidden=\"true\" class=\"wp-block-cover__background has-background-dim\"><\/span><div class=\"wp-block-cover__inner-container is-layout-flow wp-block-cover-is-layout-flow\">\n<p class=\"has-text-align-center has-large-font-size\"><\/p>\n<\/div><\/div>\n\n\n\n<h3 class=\"wp-block-heading\">Velkommen til S\u00f8holtparken<\/h3>\n\n\n\n<p>Foreningen har hjemsted Br\u00f8ndby Kommune og omfatter det i lokalplan 311 angivne omr\u00e5de.<\/p>\n\n\n\n<p>Foreningens form\u00e5l er at repr\u00e6sentere og varetage medlemmernes f\u00e6lles interesser i alle anliggender.<\/p>\n\n\n\n<p>Enhver nuv\u00e6rende eller kommende sk\u00f8dehaver af en ejendom inden for ovenn\u00e6vnte omr\u00e5de har pligt til at v\u00e6re medlem af foreningen og er ved medlemskab underkastet foreningens vedt\u00e6gter, s\u00e5ledes som disse p\u00e5 lovlig vis er vedtaget.&nbsp;<\/p>\n\n\n\n<p>Vores CVR-nummer er: 40503897<\/p>\n\n\n\n<p>For kontaktoplysninger&nbsp;<strong><a href=\"https:\/\/www.soholtparken.dk\/index.php\/bestyrelsen\/\">tryk venligst her<\/a><\/strong><\/p>\n\n\n\n<p><strong>Mvh&nbsp;Bestyrelsen<\/strong><\/p>\n\n\n\n<pre class=\"wp-block-preformatted\"><\/pre>\n","protected":false},"excerpt":{"rendered":"<p>Velkommen til S\u00f8holtparken Foreningen har hjemsted Br\u00f8ndby Kommune og omfatter det i lokalplan 311 angivne omr\u00e5de. Foreningens form\u00e5l er at repr\u00e6sentere og varetage medlemmernes f\u00e6lles interesser i alle anliggender. Enhver nuv\u00e6rende eller kommende sk\u00f8dehaver af en ejendom inden for ovenn\u00e6vnte omr\u00e5de har pligt til at v\u00e6re medlem af foreningen og er ved medlemskab underkastet foreningens &hellip; <a href=\"https:\/\/www.soholtparken.dk\/\" class=\"more-link\">L\u00e6s videre<span class=\"screen-reader-text\"> &#8220;Forside&#8221;<\/span><\/a><\/p>\n","protected":false},"author":1,"featured_media":0,"parent":0,"menu_order":0,"comment_status":"closed","ping_status":"closed","template":"","meta":{"_monsterinsights_skip_tracking":false,"_monsterinsights_sitenote_active":false,"_monsterinsights_sitenote_note":"","_monsterinsights_sitenote_category":0,"footnotes":""},"class_list":["post-2","page","type-page","status-publish","hentry"],"aioseo_notices":[],"_links":{"self":[{"href":"https:\/\/www.soholtparken.dk\/index.php\/wp-json\/wp\/v2\/pages\/2","targetHints":{"allow":["GET"]}}],"collection":[{"href":"https:\/\/www.soholtparken.dk\/index.php\/wp-json\/wp\/v2\/pages"}],"about":[{"href":"https:\/\/www.soholtparken.dk\/index.php\/wp-json\/wp\/v2\/types\/page"}],"author":[{"embeddable":true,"href":"https:\/\/www.soholtparken.dk\/index.php\/wp-json\/wp\/v2\/users\/1"}],"replies":[{"embeddable":true,"href":"https:\/\/www.soholtparken.dk\/index.php\/wp-json\/wp\/v2\/comments?post=2"}],"version-history":[{"count":18,"href":"https:\/\/www.soholtparken.dk\/index.php\/wp-json\/wp\/v2\/pages\/2\/revisions"}],"predecessor-version":[{"id":964,"href":"https:\/\/www.soholtparken.dk\/index.php\/wp-json\/wp\/v2\/pages\/2\/revisions\/964"}],"wp:attachment":[{"href":"https:\/\/www.soholtparken.dk\/index.php\/wp-json\/wp\/v2\/media?parent=2"}],"curies":[{"name":"wp","href":"https:\/\/api.w.org\/{rel}","templated":true}]}}